{"id":3880,"date":"2025-02-05T23:15:53","date_gmt":"2025-02-05T23:15:53","guid":{"rendered":"https:\/\/gamaturk.com\/?page_id=3880"},"modified":"2025-06-04T16:27:03","modified_gmt":"2025-06-04T16:27:03","slug":"gama-wash-60","status":"publish","type":"page","link":"https:\/\/gamaturk.com\/tr\/gama-wash-60\/","title":{"rendered":"GAMA WASH 60"},"content":{"rendered":"\t\t<div data-elementor-type=\"wp-page\" data-elementor-id=\"3880\" class=\"elementor elementor-3880\" data-elementor-post-type=\"page\">\n\t\t\t\t<div class=\"elementor-element elementor-element-a7c162a e-flex e-con-boxed e-con e-parent\" data-id=\"a7c162a\" data-element_type=\"container\" data-e-type=\"container\">\n\t\t\t\t\t<div class=\"e-con-inner\">\n\t\t\t\t<div class=\"elementor-element elementor-element-8d8840b elementor-widget__width-initial elementor-widget elementor-widget-heading\" data-id=\"8d8840b\" data-element_type=\"widget\" data-e-type=\"widget\" data-widget_type=\"heading.default\">\n\t\t\t\t<div class=\"elementor-widget-container\">\n\t\t\t\t\t<h3 class=\"elementor-heading-title elementor-size-default\">GAMA WASH 60 <\/h3>\t\t\t\t<\/div>\n\t\t\t\t<\/div>\n\t\t\t\t\t<\/div>\n\t\t\t\t<\/div>\n\t\t\t\t<section class=\"elementor-section elementor-top-section elementor-element elementor-element-57108a0 elementor-section-boxed elementor-section-height-default elementor-section-height-default\" data-id=\"57108a0\" data-element_type=\"section\" data-e-type=\"section\">\n\t\t\t\t\t\t<div class=\"elementor-container elementor-column-gap-no\">\n\t\t\t\t\t<div class=\"elementor-column elementor-col-100 elementor-top-column elementor-element elementor-element-641fe90\" data-id=\"641fe90\" data-element_type=\"column\" data-e-type=\"column\">\n\t\t\t<div class=\"elementor-widget-wrap elementor-element-populated\">\n\t\t\t\t\t\t<div class=\"elementor-element elementor-element-43d9c5d elementor-widget elementor-widget-image\" data-id=\"43d9c5d\" data-element_type=\"widget\" data-e-type=\"widget\" data-widget_type=\"image.default\">\n\t\t\t\t<div class=\"elementor-widget-container\">\n\t\t\t\t\t\t\t\t\t\t\t\t\t\t\t<img decoding=\"async\" src=\"https:\/\/gamaturk.com\/tr\/wp-content\/uploads\/2025\/04\/wash-60_SON-460x460.jpg\" title=\"oplus_34\" alt=\"oplus_34\" loading=\"lazy\" \/>\t\t\t\t\t\t\t\t\t\t\t\t\t\t\t<\/div>\n\t\t\t\t<\/div>\n\t\t\t\t<div class=\"elementor-element elementor-element-18d62b2 elementor-widget elementor-widget-text-editor\" data-id=\"18d62b2\" data-element_type=\"widget\" data-e-type=\"widget\" data-widget_type=\"text-editor.default\">\n\t\t\t\t<div class=\"elementor-widget-container\">\n\t\t\t\t\t\t\t\t\t<div class=\"features\"><div class=\"row\"><div class=\"col-lg col-md\"><div class=\"content\"><ul class=\"ul1\"><li class=\"li1\"><p class=\"p1\">Aromatik olmayan hidrokarbon esasl\u0131, etkin blanket ve merdane y\u0131kama s\u0131v\u0131s\u0131 Su ile kar\u0131\u015fabilir. Korozyon \u00f6nleyici i\u00e7erir. D\u00fcz ofset ve coldset bask\u0131 makinelerinde, otomatik y\u0131kama ve elle temizlemede, heatset bask\u0131 makinelerinde sadece el ile temizlemede kullan\u0131l\u0131r. Yan\u0131c\u0131 de\u011fildir. (Parlama noktas\u0131 : &gt; 60\u00b0C)<\/p><\/li><\/ul><\/div><\/div><\/div><\/div>\t\t\t\t\t\t\t\t<\/div>\n\t\t\t\t<\/div>\n\t\t\t\t\t<\/div>\n\t\t<\/div>\n\t\t\t\t\t<\/div>\n\t\t<\/section>\n\t\t<div class=\"elementor-element elementor-element-face562 e-flex e-con-boxed e-con e-parent\" data-id=\"face562\" data-element_type=\"container\" data-e-type=\"container\">\n\t\t\t\t\t<div class=\"e-con-inner\">\n\t\t\t\t<div class=\"elementor-element elementor-element-f437466 elementor-align-center elementor-widget elementor-widget-button\" data-id=\"f437466\" data-element_type=\"widget\" data-e-type=\"widget\" data-widget_type=\"button.default\">\n\t\t\t\t<div class=\"elementor-widget-container\">\n\t\t\t\t\t\t\t\t\t<div class=\"elementor-button-wrapper\">\n\t\t\t\t\t<a class=\"elementor-button elementor-button-link elementor-size-sm\" href=\"\/tr\/wp-content\/uploads\/2025\/05\/GAMA-WASH60-2025-TDS-TURKCE.pdf\">\n\t\t\t\t\t\t<span class=\"elementor-button-content-wrapper\">\n\t\t\t\t\t\t<span class=\"elementor-button-icon\">\n\t\t\t\t<svg aria-hidden=\"true\" class=\"e-font-icon-svg e-fas-download\" viewBox=\"0 0 512 512\" xmlns=\"http:\/\/www.w3.org\/2000\/svg\"><path d=\"M216 0h80c13.3 0 24 10.7 24 24v168h87.7c17.8 0 26.7 21.5 14.1 34.1L269.7 378.3c-7.5 7.5-19.8 7.5-27.3 0L90.1 226.1c-12.6-12.6-3.7-34.1 14.1-34.1H192V24c0-13.3 10.7-24 24-24zm296 376v112c0 13.3-10.7 24-24 24H24c-13.3 0-24-10.7-24-24V376c0-13.3 10.7-24 24-24h146.7l49 49c20.1 20.1 52.5 20.1 72.6 0l49-49H488c13.3 0 24 10.7 24 24zm-124 88c0-11-9-20-20-20s-20 9-20 20 9 20 20 20 20-9 20-20zm64 0c0-11-9-20-20-20s-20 9-20 20 9 20 20 20 20-9 20-20z\"><\/path><\/svg>\t\t\t<\/span>\n\t\t\t\t\t\t\t\t\t<span class=\"elementor-button-text\">\u00dcR\u00dcN DETAYLARI \u0130\u00c7\u0130N PDF \u0130ND\u0130R\u0130N<\/span>\n\t\t\t\t\t<\/span>\n\t\t\t\t\t<\/a>\n\t\t\t\t<\/div>\n\t\t\t\t\t\t\t\t<\/div>\n\t\t\t\t<\/div>\n\t\t\t\t\t<\/div>\n\t\t\t\t<\/div>\n\t\t\t\t<\/div>\n\t\t","protected":false},"excerpt":{"rendered":"<p>GAMA WASH 60 Aromatik olmayan hidrokarbon esasl\u0131, etkin blanket ve merdane y\u0131kama s\u0131v\u0131s\u0131 Su ile kar\u0131\u015fabilir. Korozyon \u00f6nleyici i\u00e7erir. D\u00fcz ofset ve coldset bask\u0131 makinelerinde, otomatik y\u0131kama ve elle temizlemede, heatset bask\u0131 makinelerinde sadece el ile temizlemede kullan\u0131l\u0131r. Yan\u0131c\u0131 de\u011fildir. (Parlama noktas\u0131 : &gt; 60\u00b0C) \u00dcR\u00dcN DETAYLARI \u0130\u00c7\u0130N PDF \u0130ND\u0130R\u0130N<\/p>\n","protected":false},"author":1,"featured_media":0,"parent":0,"menu_order":0,"comment_status":"closed","ping_status":"closed","template":"page-template\/crysa-service-single.php","meta":{"pagelayer_contact_templates":[],"_pagelayer_content":"","footnotes":""},"class_list":["post-3880","page","type-page","status-publish","hentry"],"aioseo_notices":[],"_links":{"self":[{"href":"https:\/\/gamaturk.com\/tr\/wp-json\/wp\/v2\/pages\/3880","targetHints":{"allow":["GET"]}}],"collection":[{"href":"https:\/\/gamaturk.com\/tr\/wp-json\/wp\/v2\/pages"}],"about":[{"href":"https:\/\/gamaturk.com\/tr\/wp-json\/wp\/v2\/types\/page"}],"author":[{"embeddable":true,"href":"https:\/\/gamaturk.com\/tr\/wp-json\/wp\/v2\/users\/1"}],"replies":[{"embeddable":true,"href":"https:\/\/gamaturk.com\/tr\/wp-json\/wp\/v2\/comments?post=3880"}],"version-history":[{"count":34,"href":"https:\/\/gamaturk.com\/tr\/wp-json\/wp\/v2\/pages\/3880\/revisions"}],"predecessor-version":[{"id":7188,"href":"https:\/\/gamaturk.com\/tr\/wp-json\/wp\/v2\/pages\/3880\/revisions\/7188"}],"wp:attachment":[{"href":"https:\/\/gamaturk.com\/tr\/wp-json\/wp\/v2\/media?parent=3880"}],"curies":[{"name":"wp","href":"https:\/\/api.w.org\/{rel}","templated":true}]}}